{"id":1714,"date":"2023-05-04T05:35:08","date_gmt":"2023-05-04T05:35:08","guid":{"rendered":"https:\/\/thememxpro.com\/theme\/lsicool\/?page_id=9"},"modified":"2024-01-31T11:55:13","modified_gmt":"2024-01-31T10:55:13","slug":"home","status":"publish","type":"page","link":"https:\/\/nakup-lozisek.cz\/","title":{"rendered":"Home"},"content":{"rendered":"\t\t<div data-elementor-type=\"wp-page\" data-elementor-id=\"1714\" class=\"elementor elementor-1714\">\n\t\t\t\t\t\t<section class=\"elementor-section elementor-top-section elementor-element elementor-element-16a3901 elementor-section-full_width elementor-section-height-default elementor-section-height-default\" data-id=\"16a3901\" data-element_type=\"section\">\n\t\t\t\t\t\t<div class=\"elementor-container elementor-column-gap-no\">\n\t\t\t\t\t<div class=\"elementor-column elementor-col-100 elementor-top-column elementor-element elementor-element-e65d209\" data-id=\"e65d209\" data-element_type=\"column\">\n\t\t\t<div class=\"elementor-widget-wrap elementor-element-populated\">\n\t\t\t\t\t\t<div class=\"elementor-element elementor-element-59feef9 elementor-widget elementor-widget-lsicool_banner_v1\" data-id=\"59feef9\" data-element_type=\"widget\" data-widget_type=\"lsicool_banner_v1.default\">\n\t\t\t\t<div class=\"elementor-widget-container\">\n\t\t\t\n\n\n\t <script>\n jQuery(document).ready(function($) {\n\n\n\n\tif ($(\".thm-swiper__slider\").length) {\n\t\t$(\".thm-swiper__slider\").each(function () {\n\t\t  let elm = $(this);\n\t\t  let options = elm.data(\"swiper-options\");\n\t\t  let thmSwiperSlider = new Swiper(elm, options);\n\t\t});\n\t}\n\n\n  });\n<\/script>\n\n\n<!--Main Slider Start-->\n<section class=\"main-slider main-slider-one\">\n\t\n\t\t<div class=\"swiper-container thm-swiper__slider\" data-swiper-options='{\"slidesPerView\": 1, \"loop\": true,\n\t\t\t\"effect\": \"fade\",\n\t\t\t\"speed\": 2000,\n\t\t\t\"pagination\": {\n\t\t\t\"el\": \"#main-slider-pagination\",\n\t\t\t\"type\": \"bullets\",\n\t\t\t\"clickable\": true\n\t\t\t},\n\t\t\t\"navigation\": {\n\t\t\t\"nextEl\": \"#main-slider__swiper-button-next\",\n\t\t\t\"prevEl\": \"#main-slider__swiper-button-prev\"\n\t\t\t},\n\t\t\t\"autoplay\": {\n\t\t\t\"delay\": 8000\t\t\t}}'>\n\n                    <div class=\"swiper-wrapper\">\n\t\t\t\t\t\t \n                        <!--Start Single Swiper Slide-->\n\t\t\t\t\t\t<div class=\"swiper-slide\">\n\t\t\t\t\t\t\t<div class=\"image-layer\" style=\"background-image:url(https:\/\/nakup-lozisek.cz\/wp-content\/uploads\/2023\/05\/ball-bearing-stainless-with-grease-lithium-machine-2024-01-24-17-45-49-utc.jpg)\">\n\t\t\t\t\t\t\t<\/div>\t\t\t\t\t\t\t\n\t\t\t\t\t\t\t<div class=\"main-slider-one__outer-content\">\n\t\t\t\t\t\t\t\t<div class=\"social-links\">\n\t\t\t\t\t\t\t\t\t<ul>\n\t\t\t\t\t\t\t\t\t\t\t\t\t\t\t\t\t\t\t<\/ul>\n\t\t\t\t\t\t\t\t<\/div>\n\t\t\t\t\t\t\t<\/div>\n\n\t\t\t\t\t\t\t<div class=\"auto-container\">\n\t\t\t\t\t\t\t\t<div class=\"main-slider-one__content\">\n\t\t\t\t\t\t\t\t\t<div class=\"title\">\n\t\t\t\t\t\t\t\t\t\t<h2>V\u00ddKUP LO\u017dISEK - v\u0161echny modely<\/h2>\n\t\t\t\t\t\t\t\t\t<\/div>\n\n\t\t\t\t\t\t\t\t\t<div class=\"btn-box\">\n\t\t\t\t\t\t\t\t\t\t<a class=\"thm-btn\" href=\"\">\n\t\t\t\t\t\t\t\t\t\t\t<span class=\"txt\"><\/span>\n\t\t\t\t\t\t\t\t\t\t\t<div class=\"icon-box\">\n\t\t\t\t\t\t\t\t\t\t\t\t<i class=\"icon-right-arrow\"><\/i>\n\t\t\t\t\t\t\t\t\t\t\t<\/div>\n\t\t\t\t\t\t\t\t\t\t<\/a>\n\t\t\t\t\t\t\t\t\t<\/div>\n\n\t\t\t\t\t\t\t\t\t<div class=\"main-slider-one__video\">\n\t\t\t\t\t\t\t\t\t\t<a href=\"\"\n\t\t\t\t\t\t\t\t\t\t\tclass=\"slider-one__video-btn video-popup\">\n\t\t\t\t\t\t\t\t\t\t\t<span class=\" icon-play-1\"><\/span>\n\t\t\t\t\t\t\t\t\t\t<\/a>\n\t\t\t\t\t\t\t\t\t<\/div>\n\t\t\t\t\t\t\t\t<\/div>\n\t\t\t\t\t\t\t<\/div>\n\t\t\t\t\t\t<\/div>\n\t\t\t\t\t\t                    <\/div>\n\n                    <!-- If we need navigation buttons -->\n                    <div class=\"main-slider__nav\">\n                        <div class=\"swiper-button-prev\" id=\"main-slider__swiper-button-next\">\n                            <i class=\"icon-right-arrow\"><\/i>\n                        <\/div>\n                        <div class=\"swiper-button-next\" id=\"main-slider__swiper-button-prev\">\n                            <i class=\"icon-left-arrow\"><\/i>\n                        <\/div>\n                    <\/div>\n\n                <\/div>\n            \n        <\/section>\n        <!--Main Slider End-->\n        \n\n\n\n\n\t\t\t<\/div>\n\t\t\t\t<\/div>\n\t\t\t\t\t<\/div>\n\t\t<\/div>\n\t\t\t\t\t<\/div>\n\t\t<\/section>\n\t\t\t\t<section class=\"elementor-section elementor-top-section elementor-element elementor-element-f58192d elementor-section-full_width elementor-section-height-default elementor-section-height-default\" data-id=\"f58192d\" data-element_type=\"section\">\n\t\t\t\t\t\t<div class=\"elementor-container elementor-column-gap-no\">\n\t\t\t\t\t<div class=\"elementor-column elementor-col-100 elementor-top-column elementor-element elementor-element-4e05851\" data-id=\"4e05851\" data-element_type=\"column\">\n\t\t\t<div class=\"elementor-widget-wrap elementor-element-populated\">\n\t\t\t\t\t\t<div class=\"elementor-element elementor-element-6dcaed3 elementor-widget elementor-widget-lsicool_about\" data-id=\"6dcaed3\" data-element_type=\"widget\" data-widget_type=\"lsicool_about.default\">\n\t\t\t\t<div class=\"elementor-widget-container\">\n\t\t\t\t\t\n\n\t\t <!--Start About One -->\n\t\t <section class=\"about-one\">\n            <div class=\"container\">\n                <div class=\"row\">\n                    <!--Start About One Img-->\n                    <div class=\"col-xl-6\">\n                        <div class=\"about-one__img wow fadeInLeft\" data-wow-delay=\"100ms\" data-wow-duration=\"1500ms\">\n                            <div class=\"about-one__img-inner\">\n\t\t\t\t\t\t\t<img decoding=\"async\" src=\"https:\/\/nakup-lozisek.cz\/wp-content\/uploads\/2023\/05\/construction-project-papers-2023-11-27-05-15-36-utc.jpg\" alt=\"Awesome Image\">                                <div class=\"experience-box\">\n                                    <h2>Zku\u0161enosti <br> <span class=\"odometer\" data-count=\"12\">12<\/span> <span\n                                            class=\"plus\">+<\/span> let                                    <\/h2>\n                                <\/div>\n                            <\/div>\n                        <\/div>\n                    <\/div>\n                    <!--End About One Img-->\n\n                    <!--Start About One Content-->\n                    <div class=\"col-xl-6\">\n                        <div class=\"about-one__content\">\n                            <div class=\"big-title\">\n                                <h2>O n\u00e1s<\/h2>\n                            <\/div>\n                            <div class=\"sec-title\">\n                                <div class=\"sec-title__tagline\">\n                                    <h6>O spole\u010dnosti<\/h6>\n                                <\/div>\n                                <h2 class=\"sec-title__title\">V\u00edtejte na str\u00e1nk\u00e1ch n\u00e1kupu lo\u017eisek. <\/h2>\n                            <\/div>\n\n                            <div class=\"about-one__content-text1\">\n                                <div class=\"text-box\">\n                                    <p>Na\u0161e spole\u010dnost n\u00e1kupu lo\u017eisek z\u00edsk\u00e1v\u00e1 r\u016fzn\u00e9 typy lo\u017eisek od individu\u00e1ln\u00edch i firemn\u00edch z\u00e1kazn\u00edk\u016f.<\/p>\n                                <\/div>\n\n                                <div class=\"icon-box\">\n                                    <span class=\"  icon-air-conditioner\"><\/span>\n                                <\/div>\n                            <\/div>\n\n                            <div class=\"about-one__content-text2\">\n                                <div class=\"contant-box\">\n                                    <div class=\"contant-box-single\">\n                                        <div class=\"number-box\">\n\t\t\t\t\t\t\t\t\t\t01                                        <\/div>\n                                        <div class=\"title-box\">\n                                            <h2>Perfektn\u00ed kontakt<br>\n<\/h2>\n                                        <\/div>\n                                    <\/div>\n\n                                    <div class=\"contant-box-single mb0\">\n                                        <div class=\"number-box\">\n\t\t\t\t\t\t\t\t\t\t02                                        <\/div>\n                                        <div class=\"title-box\">\n                                            <h2>Dobr\u00e9 ceny<\/h2>\n                                        <\/div>\n                                    <\/div>\n                                <\/div>\n\n                                <div class=\"img-box\">\n\t\t\t\t\t\t\t\t<img decoding=\"async\" src=\"https:\/\/nakup-lozisek.cz\/wp-content\/uploads\/2023\/05\/set-of-metal-bearings-2023-11-27-05-30-50-utc.jpg\" alt=\"Awesome Image\">\n                                <\/div>                            <\/div>\n\n                            <div class=\"about-one__content-text3\">\n                                <div class=\"signature\">\n                                    <h3><\/h3>\n                                <\/div>\n                                <div class=\"text-box\">\n                                    <h2><\/h2>\n                                <\/div>\n                            <\/div>\n                        <\/div>\n                    <\/div>\n                    <!--End About One Content-->\n\n                <\/div>\n            <\/div>\n        <\/section>\n        <!--End About One -->\n\n\n    \t\t<\/div>\n\t\t\t\t<\/div>\n\t\t\t\t\t<\/div>\n\t\t<\/div>\n\t\t\t\t\t<\/div>\n\t\t<\/section>\n\t\t\t\t<section class=\"elementor-section elementor-top-section elementor-element elementor-element-f043998 elementor-section-full_width elementor-section-height-default elementor-section-height-default\" data-id=\"f043998\" data-element_type=\"section\">\n\t\t\t\t\t\t<div class=\"elementor-container elementor-column-gap-no\">\n\t\t\t\t\t<div class=\"elementor-column elementor-col-100 elementor-top-column elementor-element elementor-element-e0df0d1\" data-id=\"e0df0d1\" data-element_type=\"column\">\n\t\t\t<div class=\"elementor-widget-wrap elementor-element-populated\">\n\t\t\t\t\t\t<div class=\"elementor-element elementor-element-ccec4b2 elementor-widget elementor-widget-lsicool_fanfact\" data-id=\"ccec4b2\" data-element_type=\"widget\" data-widget_type=\"lsicool_fanfact.default\">\n\t\t\t\t<div class=\"elementor-widget-container\">\n\t\t\t\t\t\n\n\n\t\t <!--Start Counter One -->\n\t\t <section class=\"counter-one\">\n            <div class=\"container\">\n                <div class=\"counter-one__inner\">\n                    <ul class=\"clearfix\">\n                        <li>\n                            <div class=\"sec-title\">\n                                <div class=\"sec-title__tagline\">\n                                    <h6>Fakta<\/h6>\n                                <\/div>\n                                <h2 class=\"sec-title__title\">\u010c\u00edsla<\/h2>\n                            <\/div>\n                        <\/li>\n\t\t\t\t\t\t                        <li>\n                            <div class=\"inner\">\n                                <div class=\"icon-box\">\n                                    <span class=\" icon-maintenance-1\"><\/span>\n                                <\/div>\n\n                                <div class=\"text-box\">\n                                    <h2><span class=\"odometer\" data-count=\"40000\">40000<\/span> <span class=\"k\">+<\/span>\n                                    <\/h2>\n                                    <p>zakoupen\u00e1 lo\u017eiska<\/p>\n                                <\/div>\n                            <\/div>\n                        <\/li>\n\t\t\t\t\t\t                        <li>\n                            <div class=\"inner\">\n                                <div class=\"icon-box\">\n                                    <span class=\" icon-man\"><\/span>\n                                <\/div>\n\n                                <div class=\"text-box\">\n                                    <h2><span class=\"odometer\" data-count=\"2500\">2500<\/span> <span class=\"k\">+<\/span>\n                                    <\/h2>\n                                    <p>spokojen\u00fdch z\u00e1kazn\u00edk\u016f<\/p>\n                                <\/div>\n                            <\/div>\n                        <\/li>\n\t\t\t\t\t\t                    <\/ul>\n                <\/div>\n            <\/div>\n        <\/section>\n        <!--End Counter One -->\n\n\n    \t\t<\/div>\n\t\t\t\t<\/div>\n\t\t\t\t\t<\/div>\n\t\t<\/div>\n\t\t\t\t\t<\/div>\n\t\t<\/section>\n\t\t\t\t<section class=\"elementor-section elementor-top-section elementor-element elementor-element-f3acd0c elementor-section-full_width elementor-section-height-default elementor-section-height-default\" data-id=\"f3acd0c\" data-element_type=\"section\">\n\t\t\t\t\t\t<div class=\"elementor-container elementor-column-gap-no\">\n\t\t\t\t\t<div class=\"elementor-column elementor-col-100 elementor-top-column elementor-element elementor-element-ce499c2\" data-id=\"ce499c2\" data-element_type=\"column\">\n\t\t\t<div class=\"elementor-widget-wrap elementor-element-populated\">\n\t\t\t\t\t\t<div class=\"elementor-element elementor-element-dd49971 elementor-widget elementor-widget-lsicool_service\" data-id=\"dd49971\" data-element_type=\"widget\" data-widget_type=\"lsicool_service.default\">\n\t\t\t\t<div class=\"elementor-widget-container\">\n\t\t\t\t\t\n\n\t\t<!--Start Services One -->\n        <section class=\"services-one\">\n             <div class=\"shape1 float-bob-y\"><img decoding=\"async\" src=\"https:\/\/nakup-lozisek.cz\/wp-content\/uploads\/2023\/05\/services-v1-shape1.png\" alt=\"Awesome Image\"><\/div>            <div class=\"container\">\n                <div class=\"row\">\n                    <!--Start Services One Content-->\n                    <div class=\"col-xl-6 col-lg-6 col-md-6 wow animated fadeInUp\" data-wow-delay=\"0.1s\">\n                        <div class=\"services-one__content\">\n                            <div class=\"sec-title\">\n                                <div class=\"sec-title__tagline\">\n                                    <h6>Na\u0161e slu\u017eby<\/h6>\n                                <\/div>\n                                <h2 class=\"sec-title__title\">N\u00e1kup nov\u00fdch lo\u017eisek<\/h2>\n                            <\/div>\n                            <div class=\"services-one__content-inner\">\n                                <div class=\"row filter-layout masonary-layout\">\n\t\t\t\t\t\t\t\t\t                                    <div class=\"col-xl-6 col-lg-6 col-md-6 wow animated fadeInUp\" data-wow-delay=\"0.1s\">\n                                        <div class=\"services-one__content-single mt30  text-center\">\n                                            <div class=\"services-one__content-single-icon\">\n                                                <span class=\" icon-clean\"><\/span>\n                                            <\/div>\n\n                                            <div class=\"services-one__content-single-content\">\n                                                <h2><a href=\"cooling-services.html\">Na\u0161e spole\u010dnost n\u00e1kupu lo\u017eisek z\u00edsk\u00e1v\u00e1 r\u016fzn\u00e9 typy lo\u017eisek od individu\u00e1ln\u00edch i firemn\u00edch z\u00e1kazn\u00edk\u016f.<\/a><\/h2>\n                                                <div class=\"border-box\"><\/div>\n                                                <p><\/p>\n                                            <\/div>\n                                        <\/div>\n                                    <\/div>\n                                                                        <div class=\"col-xl-6 col-lg-6 col-md-6 wow animated fadeInUp\" data-wow-delay=\"0.1s\">\n                                        <div class=\"services-one__content-single  text-center\">\n                                            <div class=\"services-one__content-single-icon\">\n                                                <span class=\" icon-tools\"><\/span>\n                                            <\/div>\n\n                                            <div class=\"services-one__content-single-content\">\n                                                <h2><a href=\"cooling-services.html\">Lo\u017eiska nakupujeme od SKF, SNR, FAG, NTN, Koyo, Timken a dal\u0161\u00edch v\u00fdrobc\u016f.<\/a><\/h2>\n                                                <div class=\"border-box\"><\/div>\n                                                <p><\/p>\n                                            <\/div>\n                                        <\/div>\n                                    <\/div>\n                                                                    <\/div>\n                            <\/div>\n                        <\/div>\n                    <\/div>\n                    <!--End Services One Content-->\n\n                    <!--Start Services One Img-->\n                    <div class=\"col-xl-6\">\n                        <div class=\"services-one__img clearfix\">\n                             <div class=\"services-one__img-inner clearfix\"><img decoding=\"async\" src=\"https:\/\/nakup-lozisek.cz\/wp-content\/uploads\/2023\/05\/ball-bearing-stainless-with-grease-lithium-machine-2023-11-27-05-16-07-utc.jpg\" alt=\"Awesome Image\"><\/div>                            <div class=\"icon-box\">\n                                <span class=\" icon-air-conditioning\"><\/span>\n                            <\/div>\n\n                            <div class=\"services-one__img-bottom\">\n                                <div class=\"left-text\">\n                                    <h2>M\u00e1te n\u011bjak\u00e9 dotazy?<\/h2>\n                                <\/div>\n\n                                <div class=\"right-text\">\n                                    <div class=\"icon-holder\">\n                                        <span class=\" icon-telephone\"><\/span>\n                                    <\/div>\n                                    <div class=\"text-box\">\n                                        <p>Zavolejte nebo napi\u0161te<\/p>\n                                        <h3><a href=\"tel:12987458741\">+48 533223428 <br>webuybearings85@gmail.com<\/a><\/h3>\n                                    <\/div>\n                                <\/div>\n                            <\/div>\n                        <\/div>\n                    <\/div>\n                    <!--End Services One Img-->\n                <\/div>\n            <\/div>\n        <\/section>\n        <!--End Services One -->\n\n    \t\t<\/div>\n\t\t\t\t<\/div>\n\t\t\t\t\t<\/div>\n\t\t<\/div>\n\t\t\t\t\t<\/div>\n\t\t<\/section>\n\t\t\t\t<\/div>\n\t\t","protected":false},"excerpt":{"rendered":"<p>V\u00ddKUP LO\u017dISEK &#8211; v\u0161echny modely Zku\u0161enosti 12 + let O n\u00e1s O spole\u010dnosti V\u00edtejte na str\u00e1nk\u00e1ch n\u00e1kupu lo\u017eisek. Na\u0161e spole\u010dnost n\u00e1kupu lo\u017eisek z\u00edsk\u00e1v\u00e1 r\u016fzn\u00e9 typy lo\u017eisek od individu\u00e1ln\u00edch i firemn\u00edch z\u00e1kazn\u00edk\u016f. 01 Perfektn\u00ed kontakt 02 Dobr\u00e9 ceny Fakta \u010c\u00edsla 40000 + zakoupen\u00e1 lo\u017eiska 2500 + spokojen\u00fdch z\u00e1kazn\u00edk\u016f Na\u0161e slu\u017eby N\u00e1kup nov\u00fdch lo\u017eisek Na\u0161e spole\u010dnost n\u00e1kupu [&hellip;]<\/p>\n","protected":false},"author":1,"featured_media":0,"parent":0,"menu_order":0,"comment_status":"closed","ping_status":"closed","template":"elementor_header_footer","meta":{"footnotes":""},"class_list":["post-1714","page","type-page","status-publish","hentry"],"_links":{"self":[{"href":"https:\/\/nakup-lozisek.cz\/index.php\/wp-json\/wp\/v2\/pages\/1714","targetHints":{"allow":["GET"]}}],"collection":[{"href":"https:\/\/nakup-lozisek.cz\/index.php\/wp-json\/wp\/v2\/pages"}],"about":[{"href":"https:\/\/nakup-lozisek.cz\/index.php\/wp-json\/wp\/v2\/types\/page"}],"author":[{"embeddable":true,"href":"https:\/\/nakup-lozisek.cz\/index.php\/wp-json\/wp\/v2\/users\/1"}],"replies":[{"embeddable":true,"href":"https:\/\/nakup-lozisek.cz\/index.php\/wp-json\/wp\/v2\/comments?post=1714"}],"version-history":[{"count":19,"href":"https:\/\/nakup-lozisek.cz\/index.php\/wp-json\/wp\/v2\/pages\/1714\/revisions"}],"predecessor-version":[{"id":1796,"href":"https:\/\/nakup-lozisek.cz\/index.php\/wp-json\/wp\/v2\/pages\/1714\/revisions\/1796"}],"wp:attachment":[{"href":"https:\/\/nakup-lozisek.cz\/index.php\/wp-json\/wp\/v2\/media?parent=1714"}],"curies":[{"name":"wp","href":"https:\/\/api.w.org\/{rel}","templated":true}]}}