{"id":164,"date":"2023-05-05T14:19:32","date_gmt":"2023-05-05T14:19:32","guid":{"rendered":"https:\/\/thememxpro.com\/theme\/lsicool\/?page_id=164"},"modified":"2024-02-23T11:03:27","modified_gmt":"2024-02-23T10:03:27","slug":"about","status":"publish","type":"page","link":"https:\/\/nakup-lozisek.cz\/index.php\/about\/","title":{"rendered":"N\u00e1kup lo\u017eisek"},"content":{"rendered":"\t\t<div data-elementor-type=\"wp-page\" data-elementor-id=\"164\" class=\"elementor elementor-164\">\n\t\t\t\t\t\t<section class=\"elementor-section elementor-top-section elementor-element elementor-element-87f6e58 elementor-section-full_width elementor-section-height-default elementor-section-height-default\" data-id=\"87f6e58\" data-element_type=\"section\">\n\t\t\t\t\t\t<div class=\"elementor-container elementor-column-gap-no\">\n\t\t\t\t\t<div class=\"elementor-column elementor-col-100 elementor-top-column elementor-element elementor-element-0d24c92\" data-id=\"0d24c92\" data-element_type=\"column\">\n\t\t\t<div class=\"elementor-widget-wrap elementor-element-populated\">\n\t\t\t\t\t\t<div class=\"elementor-element elementor-element-4a811b8 elementor-widget elementor-widget-lsicool_about\" data-id=\"4a811b8\" data-element_type=\"widget\" data-widget_type=\"lsicool_about.default\">\n\t\t\t\t<div class=\"elementor-widget-container\">\n\t\t\t\t\t\n\n\t\t <!--Start About One -->\n\t\t <section class=\"about-one\">\n            <div class=\"container\">\n                <div class=\"row\">\n                    <!--Start About One Img-->\n                    <div class=\"col-xl-6\">\n                        <div class=\"about-one__img wow fadeInLeft\" data-wow-delay=\"100ms\" data-wow-duration=\"1500ms\">\n                            <div class=\"about-one__img-inner\">\n\t\t\t\t\t\t\t<img decoding=\"async\" src=\"https:\/\/nakup-lozisek.cz\/wp-content\/uploads\/2023\/05\/ball-bearing-stainless-with-grease-lithium-machine-2023-11-27-05-16-07-utc.jpg\" alt=\"Awesome Image\">                                <div class=\"experience-box\">\n                                    <h2>Na\u0161e zku\u0161enost <br> <span class=\"odometer\" data-count=\"12\">12<\/span> <span\n                                            class=\"plus\">+<\/span> let                                    <\/h2>\n                                <\/div>\n                            <\/div>\n                        <\/div>\n                    <\/div>\n                    <!--End About One Img-->\n\n                    <!--Start About One Content-->\n                    <div class=\"col-xl-6\">\n                        <div class=\"about-one__content\">\n                            <div class=\"big-title\">\n                                <h2>About Us<\/h2>\n                            <\/div>\n                            <div class=\"sec-title\">\n                                <div class=\"sec-title__tagline\">\n                                    <h6>O spole\u010dnosti<\/h6>\n                                <\/div>\n                                <h2 class=\"sec-title__title\">N\u00e1kup lo\u017eisek<\/h2>\n                            <\/div>\n\n                            <div class=\"about-one__content-text1\">\n                                <div class=\"text-box\">\n                                    <p>Na\u0161e spole\u010dnost nakupuje lo\u017eiska od firemn\u00edch i soukrom\u00fdch z\u00e1kazn\u00edk\u016f. Na trhu p\u016fsob\u00edme ji\u017e \u0159adu let, \u00fasp\u011b\u0161n\u011b spolupracujeme se subjekty r\u016fzn\u00fdch velikost\u00ed a specifick\u00fdch \u010dinnost\u00ed.<\/p>\n                                <\/div>\n\n                                <div class=\"icon-box\">\n                                    <span class=\"  icon-air-conditioner\"><\/span>\n                                <\/div>\n                            <\/div>\n\n                            <div class=\"about-one__content-text2\">\n                                <div class=\"contant-box\">\n                                    <div class=\"contant-box-single\">\n                                        <div class=\"number-box\">\n\t\t\t\t\t\t\t\t\t\t01                                        <\/div>\n                                        <div class=\"title-box\">\n                                            <h2>Dobr\u00e1 komunikace<br>\n<\/h2>\n                                        <\/div>\n                                    <\/div>\n\n                                    <div class=\"contant-box-single mb0\">\n                                        <div class=\"number-box\">\n\t\t\t\t\t\t\t\t\t\t02                                        <\/div>\n                                        <div class=\"title-box\">\n                                            <h2>Jasn\u00e9 podm\u00ednky<\/h2>\n                                        <\/div>\n                                    <\/div>\n                                <\/div>\n\n                                <div class=\"img-box\">\n\t\t\t\t\t\t\t\t<img decoding=\"async\" src=\"https:\/\/nakup-lozisek.cz\/wp-content\/uploads\/2023\/05\/ball-bearing-stainless-with-grease-lithium-machine-2024-01-24-17-45-49-utc.jpg\" alt=\"Awesome Image\">\n                                <\/div>                            <\/div>\n\n                            <div class=\"about-one__content-text3\">\n                                <div class=\"signature\">\n                                    <h3><\/h3>\n                                <\/div>\n                                <div class=\"text-box\">\n                                    <h2><\/h2>\n                                <\/div>\n                            <\/div>\n                        <\/div>\n                    <\/div>\n                    <!--End About One Content-->\n\n                <\/div>\n            <\/div>\n        <\/section>\n        <!--End About One -->\n\n\n    \t\t<\/div>\n\t\t\t\t<\/div>\n\t\t\t\t\t<\/div>\n\t\t<\/div>\n\t\t\t\t\t<\/div>\n\t\t<\/section>\n\t\t\t\t<section class=\"elementor-section elementor-top-section elementor-element elementor-element-95cd604 elementor-section-full_width elementor-section-height-default elementor-section-height-default\" data-id=\"95cd604\" data-element_type=\"section\">\n\t\t\t\t\t\t<div class=\"elementor-container elementor-column-gap-no\">\n\t\t\t\t\t<div class=\"elementor-column elementor-col-100 elementor-top-column elementor-element elementor-element-2e7b998\" data-id=\"2e7b998\" data-element_type=\"column\">\n\t\t\t<div class=\"elementor-widget-wrap elementor-element-populated\">\n\t\t\t\t\t\t<div class=\"elementor-element elementor-element-5864ab4 elementor-widget elementor-widget-lsicool_work_v2\" data-id=\"5864ab4\" data-element_type=\"widget\" data-widget_type=\"lsicool_work_v2.default\">\n\t\t\t\t<div class=\"elementor-widget-container\">\n\t\t\t\t\t\n\n\t\t <!--Start Work Two -->\n\t\t <section class=\"work-two\">\n            <div class=\"container\">\n                <div class=\"sec-title style2 text-center\">\n                    <div class=\"sec-title__tagline\">\n                        <h6>nakup-lozisek.cz<\/h6>\n                    <\/div>\n                    <h2 class=\"sec-title__title\">N\u00e1kup nov\u00fdch lo\u017eisek<\/h2>\n                <\/div>\n                <div class=\"row\">\n                    <!--Start Work Two Content-->\n                    <div class=\"col-xl-7\">\n                        <div class=\"work-two__content\">\n                            <!--Start Work Two Content Single-->\n\t\t\t\t\t\t\t                            <div class=\"work-two__content-single wow fadeInLeft\" data-wow-delay=\"100ms\"\n                                data-wow-duration=\"1000ms\">\n                                <div class=\"content-box\">\n                                    <h2>N\u00e1kup nov\u00fdch lo\u017eisek<\/h2>\n                                    <p>V\u00edtejte na str\u00e1nk\u00e1ch n\u00e1kupu lo\u017eisek. Na\u0161e spole\u010dnost n\u00e1kupu lo\u017eisek z\u00edsk\u00e1v\u00e1 r\u016fzn\u00e9 typy lo\u017eisek od individu\u00e1ln\u00edch i firemn\u00edch z\u00e1kazn\u00edk\u016f. <\/p>\n                                <\/div>\n\n                                <div class=\"number-box\">\n                                    <div class=\"border-box\"><\/div>\n                                    <h2>1 <span>st<\/span><\/h2>\n                                <\/div>\n                            <\/div>\n\t\t\t\t\t\t\t                            <div class=\"work-two__content-single wow fadeInLeft\" data-wow-delay=\"100ms\"\n                                data-wow-duration=\"1000ms\">\n                                <div class=\"content-box\">\n                                    <h2>N\u00e1kup nov\u00fdch lo\u017eisek \u2013 nab\u00eddka pro firmy i jednotlivce<\/h2>\n                                    <p>Na\u0161e spole\u010dnost nakupuje lo\u017eiska od firemn\u00edch i soukrom\u00fdch z\u00e1kazn\u00edk\u016f. Na trhu p\u016fsob\u00edme ji\u017e \u0159adu let, \u00fasp\u011b\u0161n\u011b spolupracujeme se subjekty r\u016fzn\u00fdch velikost\u00ed a specifick\u00fdch \u010dinnost\u00ed.<\/p>\n                                <\/div>\n\n                                <div class=\"number-box\">\n                                    <div class=\"border-box\"><\/div>\n                                    <h2>2 <span>nd<\/span><\/h2>\n                                <\/div>\n                            <\/div>\n\t\t\t\t\t\t\t                            <div class=\"work-two__content-single wow fadeInLeft\" data-wow-delay=\"100ms\"\n                                data-wow-duration=\"1000ms\">\n                                <div class=\"content-box\">\n                                    <h2>N\u00e1kup nov\u00fdch lo\u017eisek od firem<\/h2>\n                                    <p>Hlavn\u00ed oblast\u00ed na\u0161eho z\u00e1jmu jsou velk\u00e1 mno\u017estv\u00ed lo\u017eisek od firem p\u016fsob\u00edc\u00edch v pr\u016fmyslov\u00e9m sektoru. N\u00e1\u0161 n\u00e1kup nov\u00fdch lo\u017eisek nakupuje d\u00edly jak od provozn\u00edch spole\u010dnost\u00ed, kter\u00e9 maj\u00ed p\u0159\u00edli\u0161 velk\u00e9 z\u00e1soby, tak od firem v \u00fapadku.<\/p>\n                                <\/div>\n\n                                <div class=\"number-box\">\n                                    <div class=\"border-box\"><\/div>\n                                    <h2>3 <span>rd<\/span><\/h2>\n                                <\/div>\n                            <\/div>\n\t\t\t\t\t\t\t                            <!--End Work Two Content Single-->\n                        <\/div>\n                    <\/div>\n                    <!--End Work Two Content-->\n\n                    <!--Start Work Two Img-->\n                    <div class=\"col-xl-5\">\n                        <div class=\"work-two__img clearfix\">\n                            <div class=\"inner clearfix\">\n\t\t\t\t\t\t\t<img decoding=\"async\" src=\"https:\/\/nakup-lozisek.cz\/wp-content\/uploads\/2023\/05\/car-engineering-tools-top-view-on-graph-paper-2023-11-27-05-13-54-utc.jpg\" alt=\"Awesome Image\">                                <div class=\"work-two__video\">\n                                    <a href=\"https:\/\/www.youtube.com\/watch?v=pVE92TNDwUk\"\n                                        class=\"work-two__video-btn video-popup\">\n                                        <span class=\" icon-play\"><\/span>\n                                    <\/a>\n                                <\/div>\n                            <\/div>\n                        <\/div>\n                    <\/div>\n                    <!--End Work Two Img-->\n                <\/div>\n            <\/div>\n        <\/section>\n        <!--End Work Two -->\n\n    \t\t<\/div>\n\t\t\t\t<\/div>\n\t\t\t\t\t<\/div>\n\t\t<\/div>\n\t\t\t\t\t<\/div>\n\t\t<\/section>\n\t\t\t\t<\/div>\n\t\t","protected":false},"excerpt":{"rendered":"<p>Na\u0161e zku\u0161enost 12 + let About Us O spole\u010dnosti N\u00e1kup lo\u017eisek Na\u0161e spole\u010dnost nakupuje lo\u017eiska od firemn\u00edch i soukrom\u00fdch z\u00e1kazn\u00edk\u016f. Na trhu p\u016fsob\u00edme ji\u017e \u0159adu let, \u00fasp\u011b\u0161n\u011b spolupracujeme se subjekty r\u016fzn\u00fdch velikost\u00ed a specifick\u00fdch \u010dinnost\u00ed. 01 Dobr\u00e1 komunikace 02 Jasn\u00e9 podm\u00ednky nakup-lozisek.cz N\u00e1kup nov\u00fdch lo\u017eisek N\u00e1kup nov\u00fdch lo\u017eisek V\u00edtejte na str\u00e1nk\u00e1ch n\u00e1kupu lo\u017eisek. Na\u0161e spole\u010dnost [&hellip;]<\/p>\n","protected":false},"author":1,"featured_media":0,"parent":0,"menu_order":0,"comment_status":"closed","ping_status":"closed","template":"tpl-default-elementor.php","meta":{"footnotes":""},"class_list":["post-164","page","type-page","status-publish","hentry"],"_links":{"self":[{"href":"https:\/\/nakup-lozisek.cz\/index.php\/wp-json\/wp\/v2\/pages\/164","targetHints":{"allow":["GET"]}}],"collection":[{"href":"https:\/\/nakup-lozisek.cz\/index.php\/wp-json\/wp\/v2\/pages"}],"about":[{"href":"https:\/\/nakup-lozisek.cz\/index.php\/wp-json\/wp\/v2\/types\/page"}],"author":[{"embeddable":true,"href":"https:\/\/nakup-lozisek.cz\/index.php\/wp-json\/wp\/v2\/users\/1"}],"replies":[{"embeddable":true,"href":"https:\/\/nakup-lozisek.cz\/index.php\/wp-json\/wp\/v2\/comments?post=164"}],"version-history":[{"count":5,"href":"https:\/\/nakup-lozisek.cz\/index.php\/wp-json\/wp\/v2\/pages\/164\/revisions"}],"predecessor-version":[{"id":1803,"href":"https:\/\/nakup-lozisek.cz\/index.php\/wp-json\/wp\/v2\/pages\/164\/revisions\/1803"}],"wp:attachment":[{"href":"https:\/\/nakup-lozisek.cz\/index.php\/wp-json\/wp\/v2\/media?parent=164"}],"curies":[{"name":"wp","href":"https:\/\/api.w.org\/{rel}","templated":true}]}}